{"id":2909858,"date":"2021-03-31T17:42:52","date_gmt":"2021-03-31T15:42:52","guid":{"rendered":"https:\/\/www.massage-tantrique-lyon.com\/?page_id=2909858"},"modified":"2026-02-09T21:24:32","modified_gmt":"2026-02-09T20:24:32","slug":"directory-of-practitioners","status":"publish","type":"page","link":"https:\/\/www.massage-tantrique-lyon.com\/en\/formation-massage-tantrique-pro\/annuaire-praticiens\/","title":{"rendered":"Directory of certified Toucher de Soie\u00ae practitioners"},"content":{"rendered":"<style>.elementor-2909858 .elementor-element.elementor-element-202aa1d > .elementor-container{max-width:1280px;}.elementor-2909858 .elementor-element.elementor-element-202aa1d:not(.elementor-motion-effects-element-type-background), .elementor-2909858 .elementor-element.elementor-element-202aa1d > .elementor-motion-effects-container > .elementor-motion-effects-layer{background-color:#F2E4D8;}.elementor-2909858 .elementor-element.elementor-element-202aa1d{transition:background 0.3s, border 0.3s, border-radius 0.3s, box-shadow 0.3s;padding:50px 0px 50px 0px;overflow:visible;}.elementor-2909858 .elementor-element.elementor-element-202aa1d > .elementor-background-overlay{transition:background 0.3s, border-radius 0.3s, opacity 0.3s;}.elementor-bc-flex-widget .elementor-2909858 .elementor-element.elementor-element-fffe642.elementor-column .elementor-widget-wrap{align-items:center;}.elementor-2909858 .elementor-element.elementor-element-fffe642.elementor-column.elementor-element[data-element_type=\"column\"] > .elementor-widget-wrap.elementor-element-populated{align-content:center;align-items:center;}.elementor-2909858 .elementor-element.elementor-element-8b13a6a{text-align:start;}.elementor-2909858 .elementor-element.elementor-element-8b13a6a .elementor-heading-title{font-family:\"Montserrat\", Sans-serif;font-size:42px;font-weight:500;color:#000000;}.elementor-2909858 .elementor-element.elementor-element-f381410{text-align:start;}.elementor-2909858 .elementor-element.elementor-element-f381410 .elementor-heading-title{font-family:\"Montserrat\", Sans-serif;font-size:25px;font-weight:400;color:#000000;}.elementor-2909858 .elementor-element.elementor-element-e2e4497:not( .elementor-widget-image ), .elementor-2909858 .elementor-element.elementor-element-e2e4497.elementor-widget-image img{-webkit-mask-image:url( https:\/\/www.massage-tantrique-lyon.com\/wp-content\/plugins\/elementor\/assets\/mask-shapes\/circle.svg );-webkit-mask-size:contain;-webkit-mask-position:center center;-webkit-mask-repeat:no-repeat;}.elementor-2909858 .elementor-element.elementor-element-7b64e09 > .elementor-container{max-width:1280px;}.elementor-2909858 .elementor-element.elementor-element-7b64e09:not(.elementor-motion-effects-element-type-background), .elementor-2909858 .elementor-element.elementor-element-7b64e09 > .elementor-motion-effects-container > .elementor-motion-effects-layer{background-color:#FFFFFF;}.elementor-2909858 .elementor-element.elementor-element-7b64e09{transition:background 0.3s, border 0.3s, border-radius 0.3s, box-shadow 0.3s;padding:70px 0px 70px 0px;overflow:visible;}.elementor-2909858 .elementor-element.elementor-element-7b64e09 > .elementor-background-overlay{transition:background 0.3s, border-radius 0.3s, opacity 0.3s;}.elementor-2909858 .elementor-element.elementor-element-ed71cdf{text-align:center;}.elementor-2909858 .elementor-element.elementor-element-ed71cdf .elementor-heading-title{font-family:\"Montserrat\", Sans-serif;font-size:35px;font-weight:500;color:#000000;}.elementor-2909858 .elementor-element.elementor-element-0876f8e{overflow:visible;}.elementor-2909858 .elementor-element.elementor-element-f5bfc85 .jeg-elementor-kit.jkit-accordion .card-wrapper .card-header .card-header-button{font-family:\"Montserrat\", Sans-serif;font-weight:600;}.elementor-2909858 .elementor-element.elementor-element-61ec209 > .elementor-container{max-width:1280px;}.elementor-2909858 .elementor-element.elementor-element-61ec209:not(.elementor-motion-effects-element-type-background), .elementor-2909858 .elementor-element.elementor-element-61ec209 > .elementor-motion-effects-container > .elementor-motion-effects-layer{background-color:#F5F5F5;}.elementor-2909858 .elementor-element.elementor-element-61ec209{transition:background 0.3s, border 0.3s, border-radius 0.3s, box-shadow 0.3s;padding:70px 0px 70px 0px;overflow:visible;}.elementor-2909858 .elementor-element.elementor-element-61ec209 > .elementor-background-overlay{transition:background 0.3s, border-radius 0.3s, opacity 0.3s;}.elementor-2909858 .elementor-element.elementor-element-9d4e51a{text-align:center;}.elementor-2909858 .elementor-element.elementor-element-9d4e51a .elementor-heading-title{font-family:\"Montserrat\", Sans-serif;font-size:35px;font-weight:500;color:#000000;}.elementor-2909858 .elementor-element.elementor-element-7233c38{overflow:visible;}.elementor-2909858 .elementor-element.elementor-element-6f7aa80 .jeg-elementor-kit.jkit-accordion .card-wrapper .card-header .card-header-button{font-family:\"Montserrat\", Sans-serif;font-weight:600;}.elementor-2909858 .elementor-element.elementor-element-1a5e823 > .elementor-container{max-width:1280px;}.elementor-2909858 .elementor-element.elementor-element-1a5e823:not(.elementor-motion-effects-element-type-background), .elementor-2909858 .elementor-element.elementor-element-1a5e823 > .elementor-motion-effects-container > .elementor-motion-effects-layer{background-color:#FFFFFF;}.elementor-2909858 .elementor-element.elementor-element-1a5e823{transition:background 0.3s, border 0.3s, border-radius 0.3s, box-shadow 0.3s;padding:70px 0px 70px 0px;overflow:visible;}.elementor-2909858 .elementor-element.elementor-element-1a5e823 > .elementor-background-overlay{transition:background 0.3s, border-radius 0.3s, opacity 0.3s;}.elementor-2909858 .elementor-element.elementor-element-dd57c3f{text-align:center;}.elementor-2909858 .elementor-element.elementor-element-dd57c3f .elementor-heading-title{font-family:\"Montserrat\", Sans-serif;font-size:35px;font-weight:500;color:#000000;}.elementor-2909858 .elementor-element.elementor-element-d87c047{overflow:visible;}.elementor-2909858 .elementor-element.elementor-element-ce72ed9 .jeg-elementor-kit.jkit-accordion .card-wrapper .card-header .card-header-button{font-family:\"Montserrat\", Sans-serif;font-weight:600;}:root{--page-title-display:none;}@media(max-width:1024px){.elementor-2909858 .elementor-element.elementor-element-8b13a6a .elementor-heading-title{font-size:38px;}.elementor-2909858 .elementor-element.elementor-element-f381410 .elementor-heading-title{font-size:38px;}.elementor-2909858 .elementor-element.elementor-element-ed71cdf .elementor-heading-title{font-size:38px;}.elementor-2909858 .elementor-element.elementor-element-9d4e51a .elementor-heading-title{font-size:38px;}.elementor-2909858 .elementor-element.elementor-element-dd57c3f .elementor-heading-title{font-size:38px;}}@media(max-width:767px){.elementor-2909858 .elementor-element.elementor-element-8b13a6a .elementor-heading-title{font-size:28px;}.elementor-2909858 .elementor-element.elementor-element-f381410 .elementor-heading-title{font-size:28px;}.elementor-2909858 .elementor-element.elementor-element-ed71cdf .elementor-heading-title{font-size:28px;}.elementor-2909858 .elementor-element.elementor-element-9d4e51a .elementor-heading-title{font-size:28px;}.elementor-2909858 .elementor-element.elementor-element-dd57c3f .elementor-heading-title{font-size:28px;}}<\/style>\t\t<div data-elementor-type=\"wp-page\" data-elementor-id=\"2909858\" class=\"elementor elementor-2909858\">\n\t\t\t\t\t\t<section class=\"elementor-section elementor-top-section elementor-element elementor-element-202aa1d elementor-section-boxed elementor-section-height-default elementor-section-height-default\" data-id=\"202aa1d\" data-element_type=\"section\" data-e-type=\"section\" data-settings=\"{&quot;background_background&quot;:&quot;classic&quot;,&quot;ekit_has_onepagescroll_dot&quot;:&quot;yes&quot;}\">\n\t\t\t\t\t\t<div class=\"elementor-container elementor-column-gap-default\">\n\t\t\t\t\t<div class=\"elementor-column elementor-col-50 elementor-top-column elementor-element elementor-element-fffe642\" data-id=\"fffe642\" data-element_type=\"column\" data-e-type=\"column\">\n\t\t\t<div class=\"elementor-widget-wrap elementor-element-populated\">\n\t\t\t\t\t\t<div class=\"elementor-element elementor-element-8b13a6a animated-slow elementor-invisible elementor-widget elementor-widget-heading\" data-id=\"8b13a6a\" data-element_type=\"widget\" data-e-type=\"widget\" data-settings=\"{&quot;_animation&quot;:&quot;fadeInDown&quot;,&quot;ekit_we_effect_on&quot;:&quot;none&quot;}\" data-widget_type=\"heading.default\">\n\t\t\t\t\t<h2 class=\"elementor-heading-title elementor-size-default\">Annuaires des masseuses et masseurs tantriques<\/h2>\t\t\t\t<\/div>\n\t\t\t\t<div class=\"elementor-element elementor-element-f381410 animated-slow elementor-invisible elementor-widget elementor-widget-heading\" data-id=\"f381410\" data-element_type=\"widget\" data-e-type=\"widget\" data-settings=\"{&quot;_animation&quot;:&quot;fadeInDown&quot;,&quot;ekit_we_effect_on&quot;:&quot;none&quot;}\" data-widget_type=\"heading.default\">\n\t\t\t\t\t<h2 class=\"elementor-heading-title elementor-size-default\">certifi\u00e9s Toucher de Soie\u00ae et officiant en France<\/h2>\t\t\t\t<\/div>\n\t\t\t\t\t<\/div>\n\t\t<\/div>\n\t\t\t\t<div class=\"elementor-column elementor-col-50 elementor-top-column elementor-element elementor-element-2d397b5\" data-id=\"2d397b5\" data-element_type=\"column\" data-e-type=\"column\">\n\t\t\t<div class=\"elementor-widget-wrap elementor-element-populated\">\n\t\t\t\t\t\t<div class=\"elementor-element elementor-element-e2e4497 elementor-widget elementor-widget-image\" data-id=\"e2e4497\" data-element_type=\"widget\" data-e-type=\"widget\" data-settings=\"{&quot;ekit_we_effect_on&quot;:&quot;none&quot;}\" data-widget_type=\"image.default\">\n\t\t\t\t\t\t\t\t\t\t\t\t\t\t\t<img fetchpriority=\"high\" decoding=\"async\" width=\"800\" height=\"533\" src=\"https:\/\/www.massage-tantrique-lyon.com\/wp-content\/uploads\/2020\/08\/formation-massage-tantrique-lyon-1024x682.jpg\" class=\"attachment-large size-large wp-image-2084283\" alt=\"formation-massage-tantrique-lyon\" srcset=\"https:\/\/www.massage-tantrique-lyon.com\/wp-content\/uploads\/2020\/08\/formation-massage-tantrique-lyon-1024x682.jpg 1024w, https:\/\/www.massage-tantrique-lyon.com\/wp-content\/uploads\/2020\/08\/formation-massage-tantrique-lyon-300x200.jpg 300w, https:\/\/www.massage-tantrique-lyon.com\/wp-content\/uploads\/2020\/08\/formation-massage-tantrique-lyon-768x511.jpg 768w, https:\/\/www.massage-tantrique-lyon.com\/wp-content\/uploads\/2020\/08\/formation-massage-tantrique-lyon-600x399.jpg 600w, https:\/\/www.massage-tantrique-lyon.com\/wp-content\/uploads\/2020\/08\/formation-massage-tantrique-lyon-1536x1022.jpg 1536w, https:\/\/www.massage-tantrique-lyon.com\/wp-content\/uploads\/2020\/08\/formation-massage-tantrique-lyon-610x406.jpg 610w, https:\/\/www.massage-tantrique-lyon.com\/wp-content\/uploads\/2020\/08\/formation-massage-tantrique-lyon-1080x719.jpg 1080w, https:\/\/www.massage-tantrique-lyon.com\/wp-content\/uploads\/2020\/08\/formation-massage-tantrique-lyon-1280x852.jpg 1280w, https:\/\/www.massage-tantrique-lyon.com\/wp-content\/uploads\/2020\/08\/formation-massage-tantrique-lyon-980x652.jpg 980w, https:\/\/www.massage-tantrique-lyon.com\/wp-content\/uploads\/2020\/08\/formation-massage-tantrique-lyon-480x320.jpg 480w, https:\/\/www.massage-tantrique-lyon.com\/wp-content\/uploads\/2020\/08\/formation-massage-tantrique-lyon.jpg 1920w\" sizes=\"(max-width: 800px) 100vw, 800px\" \/>\t\t\t\t\t\t\t\t\t\t\t\t\t\t\t<\/div>\n\t\t\t\t\t<\/div>\n\t\t<\/div>\n\t\t\t\t\t<\/div>\n\t\t<\/section>\n\t\t\t\t<section class=\"elementor-section elementor-top-section elementor-element elementor-element-7b64e09 elementor-section-boxed elementor-section-height-default elementor-section-height-default\" data-id=\"7b64e09\" data-element_type=\"section\" data-e-type=\"section\" data-settings=\"{&quot;background_background&quot;:&quot;classic&quot;,&quot;ekit_has_onepagescroll_dot&quot;:&quot;yes&quot;}\">\n\t\t\t\t\t\t<div class=\"elementor-container elementor-column-gap-default\">\n\t\t\t\t\t<div class=\"elementor-column elementor-col-100 elementor-top-column elementor-element elementor-element-6e8d506\" data-id=\"6e8d506\" data-element_type=\"column\" data-e-type=\"column\">\n\t\t\t<div class=\"elementor-widget-wrap elementor-element-populated\">\n\t\t\t\t\t\t<div class=\"elementor-element elementor-element-ed71cdf animated-slow elementor-invisible elementor-widget elementor-widget-heading\" data-id=\"ed71cdf\" data-element_type=\"widget\" data-e-type=\"widget\" data-settings=\"{&quot;_animation&quot;:&quot;fadeInDown&quot;,&quot;ekit_we_effect_on&quot;:&quot;none&quot;}\" data-widget_type=\"heading.default\">\n\t\t\t\t\t<h2 class=\"elementor-heading-title elementor-size-default\">France<\/h2>\t\t\t\t<\/div>\n\t\t\t\t<section class=\"elementor-section elementor-inner-section elementor-element elementor-element-0876f8e elementor-section-boxed elementor-section-height-default elementor-section-height-default\" data-id=\"0876f8e\" data-element_type=\"section\" data-e-type=\"section\" data-settings=\"{&quot;ekit_has_onepagescroll_dot&quot;:&quot;yes&quot;}\">\n\t\t\t\t\t\t<div class=\"elementor-container elementor-column-gap-default\">\n\t\t\t\t\t<div class=\"elementor-column elementor-col-100 elementor-inner-column elementor-element elementor-element-d229dc9\" data-id=\"d229dc9\" data-element_type=\"column\" data-e-type=\"column\">\n\t\t\t<div class=\"elementor-widget-wrap elementor-element-populated\">\n\t\t\t\t\t\t<div class=\"elementor-element elementor-element-f5bfc85 elementor-widget elementor-widget-jkit_accordion\" data-id=\"f5bfc85\" data-element_type=\"widget\" data-e-type=\"widget\" data-settings=\"{&quot;ekit_we_effect_on&quot;:&quot;none&quot;}\" data-widget_type=\"jkit_accordion.default\">\n\t\t\t\t\t<div  class=\"jeg-elementor-kit jkit-accordion style-default jeg_module___69f1140c105ee\" ><div class=\"card-wrapper \">\n                <div class=\"card-header\">\n                    <a href=\"#expand-e30a3d6\" class=\"card-header-button\" aria-expanded=\"false\" data-target=\"#expand-e30a3d6\" aria-controls=\"expand-e30a3d6\">\n                        <span class=\"title\">38<\/span><div class=\"right-icon-group\">\n                <div class=\"normal-icon\"><i aria-hidden=\"true\" class=\"fas fa-chevron-down\"><\/i><\/div>\n                <div class=\"active-icon\"><i aria-hidden=\"true\" class=\"fas fa-chevron-up\"><\/i><\/div>\n            <\/div>\n                    <\/a>\n                <\/div>\n                <div class=\"card-expand\" id=\"expand-e30a3d6\" style=\"display:none\"><div class=\"card-body\"><ul><li><h3><strong>S\u00e9bastien Dunand<\/strong><\/h3><p><strong>Masseur tantrique certifi\u00e9 Toucher de Soie\u00ae \u00e0 Grenoble (38).<br \/><\/strong>s\u00e9bastien propose des massages tantriques \u00e0 Grenoble.<br \/><strong>Contact<\/strong>: 06 25 64 03 16 \u2013\u00a0<a href=\"https:\/\/www.uncalindutantra.com\/\" target=\"_blank\" rel=\"noopener\">Site web<\/a>\u00a0\u2013\u00a0<a href=\"https:\/\/www.instagram.com\/uncalindutantra\" target=\"_blank\" rel=\"noopener\">Instagram<\/a><\/p><\/li><\/ul><\/div><\/div>\n            <\/div><div class=\"card-wrapper \">\n                <div class=\"card-header\">\n                    <a href=\"#expand-d1c36ae\" class=\"card-header-button\" aria-expanded=\"false\" data-target=\"#expand-d1c36ae\" aria-controls=\"expand-d1c36ae\">\n                        <span class=\"title\">34<\/span><div class=\"right-icon-group\">\n                <div class=\"normal-icon\"><i aria-hidden=\"true\" class=\"fas fa-chevron-down\"><\/i><\/div>\n                <div class=\"active-icon\"><i aria-hidden=\"true\" class=\"fas fa-chevron-up\"><\/i><\/div>\n            <\/div>\n                    <\/a>\n                <\/div>\n                <div class=\"card-expand\" id=\"expand-d1c36ae\" style=\"display:none\"><div class=\"card-body\"><ul><li><h3><strong>C\u00e9line<\/strong><\/h3><p><strong>Masseuse tantrique form\u00e9e au Toucher de Soie\u00ae \u00e0 Montpellier (34).<br \/><\/strong>C\u00e9line propose des massages tantriques \u00e0 Montpellier.<br \/><strong>Contact<\/strong>: 07 66 48 90 49 \u2013 <a href=\"https:\/\/www.lartdutantra.fr\" target=\"_blank\" rel=\"noopener\">Site web<\/a> \u2013<\/p><\/li><\/ul><\/div><\/div>\n            <\/div><\/div>\t\t\t\t<\/div>\n\t\t\t\t\t<\/div>\n\t\t<\/div>\n\t\t\t\t\t<\/div>\n\t\t<\/section>\n\t\t\t\t\t<\/div>\n\t\t<\/div>\n\t\t\t\t\t<\/div>\n\t\t<\/section>\n\t\t\t\t<section class=\"elementor-section elementor-top-section elementor-element elementor-element-61ec209 elementor-section-boxed elementor-section-height-default elementor-section-height-default\" data-id=\"61ec209\" data-element_type=\"section\" data-e-type=\"section\" data-settings=\"{&quot;background_background&quot;:&quot;classic&quot;,&quot;ekit_has_onepagescroll_dot&quot;:&quot;yes&quot;}\">\n\t\t\t\t\t\t<div class=\"elementor-container elementor-column-gap-default\">\n\t\t\t\t\t<div class=\"elementor-column elementor-col-100 elementor-top-column elementor-element elementor-element-29c424a\" data-id=\"29c424a\" data-element_type=\"column\" data-e-type=\"column\">\n\t\t\t<div class=\"elementor-widget-wrap elementor-element-populated\">\n\t\t\t\t\t\t<div class=\"elementor-element elementor-element-9d4e51a animated-slow elementor-invisible elementor-widget elementor-widget-heading\" data-id=\"9d4e51a\" data-element_type=\"widget\" data-e-type=\"widget\" data-settings=\"{&quot;_animation&quot;:&quot;fadeInDown&quot;,&quot;ekit_we_effect_on&quot;:&quot;none&quot;}\" data-widget_type=\"heading.default\">\n\t\t\t\t\t<h2 class=\"elementor-heading-title elementor-size-default\">Auvergne-Rh\u00f4ne-Alpes<\/h2>\t\t\t\t<\/div>\n\t\t\t\t<section class=\"elementor-section elementor-inner-section elementor-element elementor-element-7233c38 elementor-section-boxed elementor-section-height-default elementor-section-height-default\" data-id=\"7233c38\" data-element_type=\"section\" data-e-type=\"section\" data-settings=\"{&quot;ekit_has_onepagescroll_dot&quot;:&quot;yes&quot;}\">\n\t\t\t\t\t\t<div class=\"elementor-container elementor-column-gap-default\">\n\t\t\t\t\t<div class=\"elementor-column elementor-col-100 elementor-inner-column elementor-element elementor-element-18a6e1e\" data-id=\"18a6e1e\" data-element_type=\"column\" data-e-type=\"column\">\n\t\t\t<div class=\"elementor-widget-wrap elementor-element-populated\">\n\t\t\t\t\t\t<div class=\"elementor-element elementor-element-6f7aa80 elementor-widget elementor-widget-jkit_accordion\" data-id=\"6f7aa80\" data-element_type=\"widget\" data-e-type=\"widget\" data-settings=\"{&quot;ekit_we_effect_on&quot;:&quot;none&quot;}\" data-widget_type=\"jkit_accordion.default\">\n\t\t\t\t\t<div  class=\"jeg-elementor-kit jkit-accordion style-default jeg_module__1_69f1140c1365c\" ><div class=\"card-wrapper \">\n                <div class=\"card-header\">\n                    <a href=\"#expand-e30a3d6\" class=\"card-header-button\" aria-expanded=\"false\" data-target=\"#expand-e30a3d6\" aria-controls=\"expand-e30a3d6\">\n                        <span class=\"title\">69<\/span><div class=\"right-icon-group\">\n                <div class=\"normal-icon\"><i aria-hidden=\"true\" class=\"fas fa-chevron-down\"><\/i><\/div>\n                <div class=\"active-icon\"><i aria-hidden=\"true\" class=\"fas fa-chevron-up\"><\/i><\/div>\n            <\/div>\n                    <\/a>\n                <\/div>\n                <div class=\"card-expand\" id=\"expand-e30a3d6\" style=\"display:none\"><div class=\"card-body\"><ul><li><h3><strong>Tantra en Joie<\/strong><\/h3><p><strong>Masseur tantrique certifi\u00e9 Toucher de Soie\u00ae \u00e0 Villefranche.<br \/><\/strong>Herv\u00e9 propose des massages tantriques au salon Tantra en Joie, salon d\u00e9di\u00e9 au bien-\u00eatre et surtout au mieux-\u00eatre \u00e0 quelques kilom\u00e8tres de Villefranche sur Sa\u00f4ne.<br \/><strong>Contact<\/strong>: 06 12 26 05 84 \u2013\u00a0<strong><a href=\"https:\/\/www.tantra-en-joie.com\/\" target=\"_blank\" rel=\"noopener\">Site web<\/a><\/strong><\/p><h3><strong>Antoine Massage<\/strong><\/h3><p><strong>Masseur tantrique certifi\u00e9 Toucher de Soie\u00ae \u00e0 Lyon.<\/strong><br \/><strong>Contact<\/strong>: 06 45 72 61 87 \u2013\u00a0<strong><a href=\"https:\/\/www.instagram.com\/kokon_massages?igsh=MTV2ajF2ZjB1YnB3eQ==\" target=\"_blank\" rel=\"noopener\">Instagram<\/a><\/strong><\/p><p>\u00a0<\/p><\/li><\/ul><\/div><\/div>\n            <\/div><\/div>\t\t\t\t<\/div>\n\t\t\t\t\t<\/div>\n\t\t<\/div>\n\t\t\t\t\t<\/div>\n\t\t<\/section>\n\t\t\t\t\t<\/div>\n\t\t<\/div>\n\t\t\t\t\t<\/div>\n\t\t<\/section>\n\t\t\t\t<section class=\"elementor-section elementor-top-section elementor-element elementor-element-1a5e823 elementor-section-boxed elementor-section-height-default elementor-section-height-default\" data-id=\"1a5e823\" data-element_type=\"section\" data-e-type=\"section\" data-settings=\"{&quot;background_background&quot;:&quot;classic&quot;,&quot;ekit_has_onepagescroll_dot&quot;:&quot;yes&quot;}\">\n\t\t\t\t\t\t<div class=\"elementor-container elementor-column-gap-default\">\n\t\t\t\t\t<div class=\"elementor-column elementor-col-100 elementor-top-column elementor-element elementor-element-3a9d909\" data-id=\"3a9d909\" data-element_type=\"column\" data-e-type=\"column\">\n\t\t\t<div class=\"elementor-widget-wrap elementor-element-populated\">\n\t\t\t\t\t\t<div class=\"elementor-element elementor-element-dd57c3f animated-slow elementor-invisible elementor-widget elementor-widget-heading\" data-id=\"dd57c3f\" data-element_type=\"widget\" data-e-type=\"widget\" data-settings=\"{&quot;_animation&quot;:&quot;fadeInDown&quot;,&quot;ekit_we_effect_on&quot;:&quot;none&quot;}\" data-widget_type=\"heading.default\">\n\t\t\t\t\t<h2 class=\"elementor-heading-title elementor-size-default\">Suisse<\/h2>\t\t\t\t<\/div>\n\t\t\t\t<section class=\"elementor-section elementor-inner-section elementor-element elementor-element-d87c047 elementor-section-boxed elementor-section-height-default elementor-section-height-default\" data-id=\"d87c047\" data-element_type=\"section\" data-e-type=\"section\" data-settings=\"{&quot;ekit_has_onepagescroll_dot&quot;:&quot;yes&quot;}\">\n\t\t\t\t\t\t<div class=\"elementor-container elementor-column-gap-default\">\n\t\t\t\t\t<div class=\"elementor-column elementor-col-100 elementor-inner-column elementor-element elementor-element-dbb269b\" data-id=\"dbb269b\" data-element_type=\"column\" data-e-type=\"column\">\n\t\t\t<div class=\"elementor-widget-wrap elementor-element-populated\">\n\t\t\t\t\t\t<div class=\"elementor-element elementor-element-ce72ed9 elementor-widget elementor-widget-jkit_accordion\" data-id=\"ce72ed9\" data-element_type=\"widget\" data-e-type=\"widget\" data-settings=\"{&quot;ekit_we_effect_on&quot;:&quot;none&quot;}\" data-widget_type=\"jkit_accordion.default\">\n\t\t\t\t\t<div  class=\"jeg-elementor-kit jkit-accordion style-default jeg_module__2_69f1140c165d1\" ><div class=\"card-wrapper \">\n                <div class=\"card-header\">\n                    <a href=\"#expand-e30a3d6\" class=\"card-header-button\" aria-expanded=\"false\" data-target=\"#expand-e30a3d6\" aria-controls=\"expand-e30a3d6\">\n                        <span class=\"title\">D\u00e9couvrir les praticiens certifi\u00e9s Toucher de Soie\u00ae en Suisse<\/span><div class=\"right-icon-group\">\n                <div class=\"normal-icon\"><i aria-hidden=\"true\" class=\"fas fa-chevron-down\"><\/i><\/div>\n                <div class=\"active-icon\"><i aria-hidden=\"true\" class=\"fas fa-chevron-up\"><\/i><\/div>\n            <\/div>\n                    <\/a>\n                <\/div>\n                <div class=\"card-expand\" id=\"expand-e30a3d6\" style=\"display:none\"><div class=\"card-body\"><ul><li><h3><strong>Christelle Verbeeck<\/strong><\/h3><p><strong>Masseuse tantrique certifi\u00e9e Toucher de Soie\u00ae \u00e0 Gen\u00e8ve, Suisse.<\/strong><br \/><strong>Contact<\/strong>: +41 765 45 57 44 \u2013\u00a0<strong><a href=\"https:\/\/www.instagram.com\/relationasoi\/\" target=\"_blank\" rel=\"noopener\">Instagram<\/a><\/strong>\u00a0\u2013\u00a0\u00a0<strong><a href=\"https:\/\/www.relationasoi.ch\/\" target=\"_blank\" rel=\"noopener\">Site web<\/a>\u00a0<\/strong><\/p><h3><strong>Fabien Queloz \u00a0<\/strong><\/h3><p><strong>Masseur tantrique certifi\u00e9 Toucher de Soie\u00ae \u00e0 Boudry, Suisse.<br \/><\/strong>Fabien propose des massages tantriques sur rendez-vous uniquement \u00e0 2017 Boudry, Suisse<br \/><strong>Contact<\/strong>: 0041 78 40 33 095 \u2013\u00a0<strong><a href=\"https:\/\/www.instagram.com\/djarada.ch\" target=\"_blank\" rel=\"noopener\">Instagram<\/a><\/strong>\u00a0\u2013\u00a0\u00a0<strong><a href=\"https:\/\/djarada.ch\/\" target=\"_blank\" rel=\"noopener\">Site web<\/a><\/strong><\/p><\/li><li><h3><strong>Shakti Sahridaya<\/strong><\/h3><p><strong>Masseuse tantrique certifi\u00e9e Toucher de Soie\u00ae \u00e0 Lausanne, Suisse.<\/strong><br \/><strong>Contact<\/strong>: \u00a0<strong><a href=\"https:\/\/www.instagram.com\/tantra_douceur_cachemire?igsh=MTVhNTlzZXdmNWw4Yg==\" target=\"_blank\" rel=\"noopener\">Instagram<\/a><\/strong>\u00a0\u2013\u00a0\u00a0<strong><a href=\"https:\/\/www.tantradouceurcachemire.ch\/\" target=\"_blank\" rel=\"noopener\">Site web<\/a>\u00a0<\/strong><\/p><h3>\u00a0<\/h3><\/li><li>\u00a0<\/li><\/ul><\/div><\/div>\n            <\/div><\/div>\t\t\t\t<\/div>\n\t\t\t\t\t<\/div>\n\t\t<\/div>\n\t\t\t\t\t<\/div>\n\t\t<\/section>\n\t\t\t\t\t<\/div>\n\t\t<\/div>\n\t\t\t\t\t<\/div>\n\t\t<\/section>\n\t\t\t\t<\/div>\n\t\t","protected":false},"excerpt":{"rendered":"<p>Annuaires des masseuses et masseurs tantriques certifi\u00e9s Toucher de Soie\u00ae et officiant en France France 38 S\u00e9bastien Dunand Masseur tantrique certifi\u00e9 Toucher de Soie\u00ae \u00e0 Grenoble (38).s\u00e9bastien propose des massages tantriques \u00e0 Grenoble.Contact: 06 25 64 03 16 \u2013\u00a0Site web\u00a0\u2013\u00a0Instagram 34 C\u00e9line Masseuse tantrique form\u00e9e au Toucher de Soie\u00ae \u00e0 Montpellier (34).C\u00e9line propose des massages [&hellip;]<\/p>\n","protected":false},"author":3,"featured_media":0,"parent":2083747,"menu_order":6,"comment_status":"closed","ping_status":"closed","template":"elementor_header_footer","meta":{"footnotes":""},"class_list":["post-2909858","page","type-page","status-publish","hentry"],"_links":{"self":[{"href":"https:\/\/www.massage-tantrique-lyon.com\/en\/wp-json\/wp\/v2\/pages\/2909858","targetHints":{"allow":["GET"]}}],"collection":[{"href":"https:\/\/www.massage-tantrique-lyon.com\/en\/wp-json\/wp\/v2\/pages"}],"about":[{"href":"https:\/\/www.massage-tantrique-lyon.com\/en\/wp-json\/wp\/v2\/types\/page"}],"author":[{"embeddable":true,"href":"https:\/\/www.massage-tantrique-lyon.com\/en\/wp-json\/wp\/v2\/users\/3"}],"replies":[{"embeddable":true,"href":"https:\/\/www.massage-tantrique-lyon.com\/en\/wp-json\/wp\/v2\/comments?post=2909858"}],"version-history":[{"count":0,"href":"https:\/\/www.massage-tantrique-lyon.com\/en\/wp-json\/wp\/v2\/pages\/2909858\/revisions"}],"up":[{"embeddable":true,"href":"https:\/\/www.massage-tantrique-lyon.com\/en\/wp-json\/wp\/v2\/pages\/2083747"}],"wp:attachment":[{"href":"https:\/\/www.massage-tantrique-lyon.com\/en\/wp-json\/wp\/v2\/media?parent=2909858"}],"curies":[{"name":"wp","href":"https:\/\/api.w.org\/{rel}","templated":true}]}}